{"id":3122,"date":"2019-06-01T01:29:22","date_gmt":"2019-06-01T05:29:22","guid":{"rendered":"https:\/\/cliniquetag.com\/quest-chiropraticien-faire.html"},"modified":"2019-11-06T00:45:22","modified_gmt":"2019-11-06T05:45:22","slug":"quest-chiropraticien-faire","status":"publish","type":"page","link":"https:\/\/www.cliniquetag.com\/en\/what-can-the-chiropractor-do-for-you.html","title":{"rendered":"What can the chiropractor do for you?"},"content":{"rendered":"<h3>Le chiropraticien &#8211; expert\u00a0de\u00a0votre\u00a0structure<\/h3>\n<p>&nbsp;<\/p>\n<p align=\"justify\">La chiropratique est une profession de la sant\u00e9 <strong>experte<\/strong> de la structure et du fonctionnement du corps humain. En fait, la chiropratique repose sur le principe reconnu selon lequel le rapport existant entre la <strong>structure<\/strong> du corps humain et sa fonction exerce une influence importante sur la sant\u00e9 en g\u00e9n\u00e9ral. Il en r\u00e9sulte \u00e9galement que l&#8217;influence de la relation existant entre la <strong>colonne vert\u00e9brale<\/strong> et le <strong>syst\u00e8me nerveu<\/strong>x est d&#8217;une importance capitale, puisque la transmission et l&#8217;expression normale de l&#8217;influx nerveux sont essentielles au recouvrement et au maintien de la sant\u00e9.<\/p>\n<p align=\"justify\"><em>&#8220;Le docteur du futur ne donnera aucun m\u00e9dicament, mais int\u00e9ressera ses patients au soin de la charpente humaine, \u00e0 l&#8217;alimentation, \u00e0 la cause et \u00e0 la pr\u00e9vention de la maladie.&#8221;<\/em> &#8211; <a title=\"Thomas Edison\" href=\"http:\/\/fr.wikipedia.org\/wiki\/Thomas_Edison\" target=\"_blank\" rel=\"noopener noreferrer\">Thomas Edison<\/a><\/p>\n<p>&nbsp;<\/p>\n<h3>D\u00e9couverte\u00a0r\u00e9volutionnaire\u00a0de\u00a0la chiropratique<\/h3>\n<p>&nbsp;<\/p>\n<p align=\"justify\">Les\u00a0chiropraticiens ont d\u00e9couverts que lorsqu&#8217;il existe une pression le long de la colonne vert\u00e9brale, interf\u00e9rant et irritant un nerf, il y a de la douleur (fonctionnement). Il est fort probable que \u00e7a affecte les muscles, les articulations, les vaisseaux sanguins et m\u00eame les organes et les glandes (structure).<\/p>\n<p align=\"justify\">C&#8217;est le travail du chiropraticien de d\u00e9terminer si un tel probl\u00e8me existe et s&#8217;il peut \u00eatre corrig\u00e9. Par sa formation scientifique et son exp\u00e9rience clinique pouss\u00e9e, il est en mesure d&#8217;\u00e9tablir un <strong>diagnostic pr\u00e9cis<\/strong> et de proposer un programme de traitement parfaitement adapt\u00e9.<\/p>\n<p>&nbsp;<\/p>\n<h3>Le chiropraticien: un\u00a0professionnel\u00a0responsable\u00a0<\/h3>\n<p>&nbsp;<\/p>\n<p align=\"justify\">Son approche th\u00e9rapeutique est efficace et ne n\u00e9cessite aucune m\u00e9dication, chirurgie ou injection anesth\u00e9siante. Son intervention est <strong>s\u00e9curitaire<\/strong>, naturelle et tr\u00e8s efficace. Votre\u00a0chiropraticien sait juger des indications et des limites de son art: s&#8217;il ne peut vous aider, il vous recommandera \u00e0 un autre professionnel de la sant\u00e9.<\/p>\n<p>&nbsp;<\/p>\n<h3>La chiropratique: des\u00a0r\u00e9sultats\u00a0\u00e9tonnants<\/h3>\n<p>&nbsp;<\/p>\n<p align=\"justify\">Des statistiques d\u00e9montrent que 95 % de patients trait\u00e9s en\u00a0chiropratique ne ressentent plus aucun sympt\u00f4me ou d\u00e9montrent une am\u00e9lioration. Il est possible que certaines conditions puissent avoir progress\u00e9es \u00e0 un point tel que la capacit\u00e9 r\u00e9cup\u00e9ratrice naturelle du corps devienne inefficace.<\/p>\n<p align=\"justify\">\u00a0<\/p>\n<p align=\"justify\">VOTRE CHIROPRATICIEN PEUT VOUS AIDER A MAINTENIR OU RESTAURER VOTRE BONNE SANT\u00c9 !<\/p>\n<p align=\"justify\">\u00a0<\/p>\n<h3>Le chiropraticien &#8211; Un\u00a0professionnel de premier contact\u00a0<\/h3>\n<p>&nbsp;<\/p>\n<p align=\"justify\">C&#8217;est-\u00e0-dire que vous pouvez le consulter sans prescription et qu&#8217;il est habilit\u00e9, de par sa formation de chiropraticien (d&#8217;une dur\u00e9e de cinq ann\u00e9es), \u00e0 \u00e9valuer presque toutes les conditions de sant\u00e9 en lien avec le syst\u00e8me neuro-musculo-squelettique. Si votre condition ne rel\u00e8ve pas de son champs de comp\u00e9tence, votre\u00a0chiropraticien se fera un devoir de vous diriger vers un autre type de professionnel de la sant\u00e9. Bien que le champs d&#8217;expertise du chiropraticien est d&#8217;abord et avant tout concentr\u00e9 aux conditions relatives au syst\u00e8me neuro-musculo-squelettique,\u00a0 le travail\u00a0du\u00a0<strong>chiropraticien<\/strong> ne se limite pas qu&#8217;aux maux de dos: il n&#8217;en demeure pas moins que la plupart des patients consultent un <strong>chiropraticien<\/strong>, pour des probl\u00e8mes tels que la sciatalgie, lombalgie, cervicalgie, dorsalgie, tensions \u00e0 la t\u00eate ou la nuque, douleur \u00e0 l&#8217;\u00e9paule, au bras, \u00e0 la jambe et engourdissement des mains et des pieds.<\/p>\n<p>&nbsp;<\/p>\n<div class=\"circular-image\" align=\"center\"><img loading=\"lazy\" decoding=\"async\" class=\"scale-with-grid\" src=\"https:\/\/cliniquetag.com\/wp-content\/uploads\/2017\/02\/conditions-osteopathie.jpg\" alt=\"Conditions\" width=\"300\" height=\"300\" \/><\/div>\n<p>&nbsp;<\/p>\n<p>&nbsp;<\/p>\n<p align=\"justify\">Le chiropraticien offre un mode de traitement naturelle (th\u00e9rapie manipulatoire), plus s\u00e9curitaire et plus efficace que tout autre type de soins pour les maux de dos.<\/p>\n<p>&nbsp;<\/p>\n<h3>La chiropratique &#8211; un traitement s\u00e9curitaire, m\u00eame pour le cou<\/h3>\n<p>&nbsp;<\/p>\n<p align=\"justify\">La chiropratique est reconnue comme l\u2019une des th\u00e9rapies sans m\u00e9dication et non invasive les plus s\u00fbres pour le traitement des c\u00e9phal\u00e9es (tensions \u00e0 la t\u00eate ou la nuque) et des douleurs cervicales dorsales et lombaire. Ses ant\u00e9c\u00e9dents sur le plan de la s\u00e9curit\u00e9 sont excellents. Cela dit, aucun traitement ne peut pr\u00e9tendre \u00eatre exempt d\u2019effets secondaires potentiels. M\u00eame les m\u00e9dicaments en vente libre les plus courants comportent des risques.<\/p>\n<p align=\"justify\">Dans un article qui recensait plus de 160 rapports et \u00e9tudes sur les manipulations, publi\u00e9 en f\u00e9vrier 2002 dans &#8220;<strong>Annals of Internal Medicine<\/strong>&#8220;, la revue du coll\u00e8ge des m\u00e9decins am\u00e9ricains, on pouvait lire au sujet de la s\u00e9curit\u00e9 de l\u2019ajustement cervical : \u00ab L\u2019apparente raret\u00e9 de ces accidents a rendu difficile l\u2019\u00e9valuation de l\u2019ampleur des risques. \u00c0 ce jour, aucune complication grave n\u2019a \u00e9t\u00e9 relev\u00e9e dans plus de 73 \u00e9tudes cliniques comparatives ou dans toute \u00e9valuation prospective de s\u00e9ries de cas. \u00bb<\/p>\n<p align=\"justify\">Une \u00e9tude canadienne, publi\u00e9e en 2001 dans la <strong>revue m\u00e9dicale &#8220;Stroke&#8221;<\/strong>, a \u00e9galement conclu que les AVC associ\u00e9s \u00e0 l\u2019ajustement cervical \u00e9taient si rares qu\u2019il \u00e9tait difficile de mesurer avec pr\u00e9cision le taux de risque. L\u2019\u00e9tude, men\u00e9e par <strong>L\u2019Institute for Clinical Evaluative Sciences (ICES)<\/strong>, soutenait que : \u00ab \u00c0 ce jour, tout semble d\u00e9montrer que le risque associ\u00e9 \u00e0 la manipulation cervicale\u00a0est minime et mal \u00e9valu\u00e9. De fait, le niveau de risque y est inf\u00e9rieur \u00e0 celui de nombreux tests diagnostiques ou m\u00e9dicaments d\u2019ordonnance courants. \u00bb<\/p>\n<p>&nbsp;<\/p>\n<h3>Aider vos proches<\/h3>\n<p>&nbsp;<\/p>\n<p align=\"justify\">N&#8217;avez-vous pas \u00e9t\u00e9 mis au courant de <strong>la chiropratique <\/strong>par l&#8217;entremise d&#8217;une connaissance qui a bien voulu prendre le temps de vous parier des <strong>avantages<\/strong> que procurent ces soins? Ou encore, auriez-vous \u00e9t\u00e9 mis au courant par la voie des journaux ou autres m\u00e9dias? Ou un parent vous en aurait-il gliss\u00e9 un mot?<\/p>\n<p align=\"justify\">L&#8217;essentiel est que c&#8217;est par int\u00e9r\u00eat pour votre sant\u00e9 que l&#8217;on vous a <strong>communiqu\u00e9<\/strong> ces informations.<\/p>\n<p align=\"justify\">Beaucoup de personnes sont victimes de maladies chroniques. Plusieurs d&#8217;entre elles n&#8217;ont connu aucun <strong>soulagement<\/strong> par les divers autres modes de traitement. Il est prouv\u00e9 que\u00a0<strong>la chiropratique<\/strong> pourra en aider plusieurs en lib\u00e9rant les nerfs qui contr\u00f4lent tous vos tissus et vos organes.<\/p>\n<p align=\"justify\">\u00c0\u00a0cause de <strong>votre exp\u00e9rience<\/strong> \u00e0 notre clinique, votre position vous permet maintenant d&#8217;aider les autres en leur parlant de ce qu&#8217;est vraiment la chiropratique. Vous serez appr\u00e9ci\u00e9s d&#8217;eux.<\/p>\n<p align=\"justify\">Ayant recouvr\u00e9 leur sant\u00e9, ils pourront \u00e0 leur tour vanter les m\u00e9rites des soins chiropratiques. En travaillant ensemble, chacun peut ainsi faire sa part, en permettant \u00e0 de nombreuses personnes d&#8217;avoir une meilleure <strong>qualit\u00e9 de vie<\/strong>.<\/p>\n","protected":false},"excerpt":{"rendered":"<p>Le chiropraticien &#8211; expert\u00a0de\u00a0votre\u00a0structure &nbsp; La chiropratique est une profession de la sant\u00e9 experte de la structure et du fonctionnement du corps humain. En fait, la<span class=\"excerpt-hellip\"> [\u2026]<\/span><\/p>\n","protected":false},"author":5,"featured_media":0,"parent":0,"menu_order":0,"comment_status":"closed","ping_status":"closed","template":"","meta":{"footnotes":""},"categories":[573,574],"tags":[],"class_list":["post-3122","page","type-page","status-publish","hentry","category-chiropraticien-en","category-chiropratique-en"],"yoast_head":"<!-- This site is optimized with the Yoast SEO Premium plugin v27.0 (Yoast SEO v27.0) - https:\/\/yoast.com\/product\/yoast-seo-premium-wordpress\/ -->\n<title>What can the chiropractor do for you? | Chiropraticien Terrebonne &amp; Montr\u00e9al | Clinique TAG<\/title>\n<meta name=\"robots\" content=\"index, follow, max-snippet:-1, max-image-preview:large, max-video-preview:-1\" \/>\n<link rel=\"canonical\" href=\"https:\/\/www.cliniquetag.com\/en\/what-can-the-chiropractor-do-for-you.html\" \/>\n<meta property=\"og:locale\" content=\"en_US\" \/>\n<meta property=\"og:type\" content=\"article\" \/>\n<meta property=\"og:title\" content=\"What can the chiropractor do for you?\" \/>\n<meta property=\"og:description\" content=\"Le chiropraticien &#8211; expert\u00a0de\u00a0votre\u00a0structure &nbsp; La chiropratique est une profession de la sant\u00e9 experte de la structure et du fonctionnement du corps humain. En fait, la [\u2026]\" \/>\n<meta property=\"og:url\" content=\"https:\/\/www.cliniquetag.com\/en\/what-can-the-chiropractor-do-for-you.html\" \/>\n<meta property=\"og:site_name\" content=\"Chiropraticien Terrebonne &amp; Montr\u00e9al | Clinique TAG\" \/>\n<meta property=\"article:modified_time\" content=\"2019-11-06T05:45:22+00:00\" \/>\n<meta property=\"og:image\" content=\"https:\/\/cliniquetag.com\/wp-content\/uploads\/2017\/02\/conditions-osteopathie.jpg\" \/>\n<meta name=\"twitter:card\" content=\"summary_large_image\" \/>\n<meta name=\"twitter:label1\" content=\"Est. reading time\" \/>\n\t<meta name=\"twitter:data1\" content=\"5 minutes\" \/>\n<script type=\"application\/ld+json\" class=\"yoast-schema-graph\">{\"@context\":\"https:\/\/schema.org\",\"@graph\":[{\"@type\":\"WebPage\",\"@id\":\"https:\/\/www.cliniquetag.com\/en\/what-can-the-chiropractor-do-for-you.html\",\"url\":\"https:\/\/www.cliniquetag.com\/en\/what-can-the-chiropractor-do-for-you.html\",\"name\":\"What can the chiropractor do for you? | Chiropraticien Terrebonne &amp; Montr\u00e9al | Clinique TAG\",\"isPartOf\":{\"@id\":\"https:\/\/www.cliniquetag.com\/en#website\"},\"primaryImageOfPage\":{\"@id\":\"https:\/\/www.cliniquetag.com\/en\/what-can-the-chiropractor-do-for-you.html#primaryimage\"},\"image\":{\"@id\":\"https:\/\/www.cliniquetag.com\/en\/what-can-the-chiropractor-do-for-you.html#primaryimage\"},\"thumbnailUrl\":\"https:\/\/cliniquetag.com\/wp-content\/uploads\/2017\/02\/conditions-osteopathie.jpg\",\"datePublished\":\"2019-06-01T05:29:22+00:00\",\"dateModified\":\"2019-11-06T05:45:22+00:00\",\"breadcrumb\":{\"@id\":\"https:\/\/www.cliniquetag.com\/en\/what-can-the-chiropractor-do-for-you.html#breadcrumb\"},\"inLanguage\":\"en-US\",\"potentialAction\":[{\"@type\":\"ReadAction\",\"target\":[\"https:\/\/www.cliniquetag.com\/en\/what-can-the-chiropractor-do-for-you.html\"]}]},{\"@type\":\"ImageObject\",\"inLanguage\":\"en-US\",\"@id\":\"https:\/\/www.cliniquetag.com\/en\/what-can-the-chiropractor-do-for-you.html#primaryimage\",\"url\":\"https:\/\/cliniquetag.com\/wp-content\/uploads\/2017\/02\/conditions-osteopathie.jpg\",\"contentUrl\":\"https:\/\/cliniquetag.com\/wp-content\/uploads\/2017\/02\/conditions-osteopathie.jpg\"},{\"@type\":\"BreadcrumbList\",\"@id\":\"https:\/\/www.cliniquetag.com\/en\/what-can-the-chiropractor-do-for-you.html#breadcrumb\",\"itemListElement\":[{\"@type\":\"ListItem\",\"position\":1,\"name\":\"Home\",\"item\":\"https:\/\/www.cliniquetag.com\/en\"},{\"@type\":\"ListItem\",\"position\":2,\"name\":\"What can the chiropractor do for you?\"}]},{\"@type\":\"WebSite\",\"@id\":\"https:\/\/www.cliniquetag.com\/en#website\",\"url\":\"https:\/\/www.cliniquetag.com\/en\",\"name\":\"Chiropraticien Terrebonne &amp; Montr\u00e9al | Clinique TAG\",\"description\":\"Clinique Chiropratique Montr\u00e9al &amp; Terrebonne\",\"potentialAction\":[{\"@type\":\"SearchAction\",\"target\":{\"@type\":\"EntryPoint\",\"urlTemplate\":\"https:\/\/www.cliniquetag.com\/en?s={search_term_string}\"},\"query-input\":{\"@type\":\"PropertyValueSpecification\",\"valueRequired\":true,\"valueName\":\"search_term_string\"}}],\"inLanguage\":\"en-US\"}]}<\/script>\n<!-- \/ Yoast SEO Premium plugin. -->","yoast_head_json":{"title":"What can the chiropractor do for you? | Chiropraticien Terrebonne &amp; Montr\u00e9al | Clinique TAG","robots":{"index":"index","follow":"follow","max-snippet":"max-snippet:-1","max-image-preview":"max-image-preview:large","max-video-preview":"max-video-preview:-1"},"canonical":"https:\/\/www.cliniquetag.com\/en\/what-can-the-chiropractor-do-for-you.html","og_locale":"en_US","og_type":"article","og_title":"What can the chiropractor do for you?","og_description":"Le chiropraticien &#8211; expert\u00a0de\u00a0votre\u00a0structure &nbsp; La chiropratique est une profession de la sant\u00e9 experte de la structure et du fonctionnement du corps humain. En fait, la [\u2026]","og_url":"https:\/\/www.cliniquetag.com\/en\/what-can-the-chiropractor-do-for-you.html","og_site_name":"Chiropraticien Terrebonne &amp; Montr\u00e9al | Clinique TAG","article_modified_time":"2019-11-06T05:45:22+00:00","og_image":[{"url":"https:\/\/cliniquetag.com\/wp-content\/uploads\/2017\/02\/conditions-osteopathie.jpg","type":"","width":"","height":""}],"twitter_card":"summary_large_image","twitter_misc":{"Est. reading time":"5 minutes"},"schema":{"@context":"https:\/\/schema.org","@graph":[{"@type":"WebPage","@id":"https:\/\/www.cliniquetag.com\/en\/what-can-the-chiropractor-do-for-you.html","url":"https:\/\/www.cliniquetag.com\/en\/what-can-the-chiropractor-do-for-you.html","name":"What can the chiropractor do for you? | Chiropraticien Terrebonne &amp; Montr\u00e9al | Clinique TAG","isPartOf":{"@id":"https:\/\/www.cliniquetag.com\/en#website"},"primaryImageOfPage":{"@id":"https:\/\/www.cliniquetag.com\/en\/what-can-the-chiropractor-do-for-you.html#primaryimage"},"image":{"@id":"https:\/\/www.cliniquetag.com\/en\/what-can-the-chiropractor-do-for-you.html#primaryimage"},"thumbnailUrl":"https:\/\/cliniquetag.com\/wp-content\/uploads\/2017\/02\/conditions-osteopathie.jpg","datePublished":"2019-06-01T05:29:22+00:00","dateModified":"2019-11-06T05:45:22+00:00","breadcrumb":{"@id":"https:\/\/www.cliniquetag.com\/en\/what-can-the-chiropractor-do-for-you.html#breadcrumb"},"inLanguage":"en-US","potentialAction":[{"@type":"ReadAction","target":["https:\/\/www.cliniquetag.com\/en\/what-can-the-chiropractor-do-for-you.html"]}]},{"@type":"ImageObject","inLanguage":"en-US","@id":"https:\/\/www.cliniquetag.com\/en\/what-can-the-chiropractor-do-for-you.html#primaryimage","url":"https:\/\/cliniquetag.com\/wp-content\/uploads\/2017\/02\/conditions-osteopathie.jpg","contentUrl":"https:\/\/cliniquetag.com\/wp-content\/uploads\/2017\/02\/conditions-osteopathie.jpg"},{"@type":"BreadcrumbList","@id":"https:\/\/www.cliniquetag.com\/en\/what-can-the-chiropractor-do-for-you.html#breadcrumb","itemListElement":[{"@type":"ListItem","position":1,"name":"Home","item":"https:\/\/www.cliniquetag.com\/en"},{"@type":"ListItem","position":2,"name":"What can the chiropractor do for you?"}]},{"@type":"WebSite","@id":"https:\/\/www.cliniquetag.com\/en#website","url":"https:\/\/www.cliniquetag.com\/en","name":"Chiropraticien Terrebonne &amp; Montr\u00e9al | Clinique TAG","description":"Clinique Chiropratique Montr\u00e9al &amp; Terrebonne","potentialAction":[{"@type":"SearchAction","target":{"@type":"EntryPoint","urlTemplate":"https:\/\/www.cliniquetag.com\/en?s={search_term_string}"},"query-input":{"@type":"PropertyValueSpecification","valueRequired":true,"valueName":"search_term_string"}}],"inLanguage":"en-US"}]}},"_links":{"self":[{"href":"https:\/\/www.cliniquetag.com\/en\/wp-json\/wp\/v2\/pages\/3122","targetHints":{"allow":["GET"]}}],"collection":[{"href":"https:\/\/www.cliniquetag.com\/en\/wp-json\/wp\/v2\/pages"}],"about":[{"href":"https:\/\/www.cliniquetag.com\/en\/wp-json\/wp\/v2\/types\/page"}],"author":[{"embeddable":true,"href":"https:\/\/www.cliniquetag.com\/en\/wp-json\/wp\/v2\/users\/5"}],"replies":[{"embeddable":true,"href":"https:\/\/www.cliniquetag.com\/en\/wp-json\/wp\/v2\/comments?post=3122"}],"version-history":[{"count":0,"href":"https:\/\/www.cliniquetag.com\/en\/wp-json\/wp\/v2\/pages\/3122\/revisions"}],"wp:attachment":[{"href":"https:\/\/www.cliniquetag.com\/en\/wp-json\/wp\/v2\/media?parent=3122"}],"wp:term":[{"taxonomy":"category","embeddable":true,"href":"https:\/\/www.cliniquetag.com\/en\/wp-json\/wp\/v2\/categories?post=3122"},{"taxonomy":"post_tag","embeddable":true,"href":"https:\/\/www.cliniquetag.com\/en\/wp-json\/wp\/v2\/tags?post=3122"}],"curies":[{"name":"wp","href":"https:\/\/api.w.org\/{rel}","templated":true}]}}