{"id":3124,"date":"2019-05-31T23:02:32","date_gmt":"2019-06-01T03:02:32","guid":{"rendered":"https:\/\/cliniquetag.com\/entre-chiropraticien-patient-relation-de-confiance.html"},"modified":"2019-11-06T00:50:05","modified_gmt":"2019-11-06T05:50:05","slug":"entre-chiropraticien-patient-relation-de-confiance","status":"publish","type":"page","link":"https:\/\/www.cliniquetag.com\/en\/between-the-chiropractor-and-his-patient-a-relationship-of-trust.html","title":{"rendered":"Between the chiropractor and his patient: a relationship of trust"},"content":{"rendered":"<p>&nbsp;<\/p>\n<p><iframe loading=\"lazy\" src=\"https:\/\/www.youtube.com\/embed\/xcdYObhOiB0\" width=\"1196\" height=\"687\" frameborder=\"0\" allowfullscreen=\"allowfullscreen\"><\/iframe><\/p>\n<h3 align=\"justify\">Maux de dos, de cou, de t\u00eate, blessures sportives, douleurs chroniques? Consultez un chiropraticien! Dans cette vid\u00e9o, vous en apprendrez plus sur la profession de chiropraticien et le r\u00f4le que joue l&#8217;Ordre des chiropraticiens du Qu\u00e9bec.<\/h3>\n<p>&nbsp;<\/p>\n","protected":false},"excerpt":{"rendered":"<p>&nbsp; Maux de dos, de cou, de t\u00eate, blessures sportives, douleurs chroniques? Consultez un chiropraticien! Dans cette vid\u00e9o, vous en apprendrez plus sur la profession de<span class=\"excerpt-hellip\"> [\u2026]<\/span><\/p>\n","protected":false},"author":5,"featured_media":0,"parent":0,"menu_order":0,"comment_status":"closed","ping_status":"closed","template":"","meta":{"footnotes":""},"categories":[],"tags":[],"class_list":["post-3124","page","type-page","status-publish","hentry"],"yoast_head":"<!-- This site is optimized with the Yoast SEO Premium plugin v27.0 (Yoast SEO v27.0) - https:\/\/yoast.com\/product\/yoast-seo-premium-wordpress\/ -->\n<title>Between the chiropractor and his patient: a relationship of trust | Chiropraticien Terrebonne &amp; Montr\u00e9al | Clinique TAG<\/title>\n<meta name=\"robots\" content=\"index, follow, max-snippet:-1, max-image-preview:large, max-video-preview:-1\" \/>\n<link rel=\"canonical\" href=\"https:\/\/www.cliniquetag.com\/en\/between-the-chiropractor-and-his-patient-a-relationship-of-trust.html\" \/>\n<meta property=\"og:locale\" content=\"en_US\" \/>\n<meta property=\"og:type\" content=\"article\" \/>\n<meta property=\"og:title\" content=\"Between the chiropractor and his patient: a relationship of trust\" \/>\n<meta property=\"og:description\" content=\"&nbsp; Maux de dos, de cou, de t\u00eate, blessures sportives, douleurs chroniques? Consultez un chiropraticien! Dans cette vid\u00e9o, vous en apprendrez plus sur la profession de [\u2026]\" \/>\n<meta property=\"og:url\" content=\"https:\/\/www.cliniquetag.com\/en\/between-the-chiropractor-and-his-patient-a-relationship-of-trust.html\" \/>\n<meta property=\"og:site_name\" content=\"Chiropraticien Terrebonne &amp; Montr\u00e9al | Clinique TAG\" \/>\n<meta property=\"article:modified_time\" content=\"2019-11-06T05:50:05+00:00\" \/>\n<meta name=\"twitter:card\" content=\"summary_large_image\" \/>\n<script type=\"application\/ld+json\" class=\"yoast-schema-graph\">{\"@context\":\"https:\/\/schema.org\",\"@graph\":[{\"@type\":\"WebPage\",\"@id\":\"https:\/\/www.cliniquetag.com\/en\/between-the-chiropractor-and-his-patient-a-relationship-of-trust.html\",\"url\":\"https:\/\/www.cliniquetag.com\/en\/between-the-chiropractor-and-his-patient-a-relationship-of-trust.html\",\"name\":\"Between the chiropractor and his patient: a relationship of trust | Chiropraticien Terrebonne &amp; Montr\u00e9al | Clinique TAG\",\"isPartOf\":{\"@id\":\"https:\/\/www.cliniquetag.com\/en#website\"},\"datePublished\":\"2019-06-01T03:02:32+00:00\",\"dateModified\":\"2019-11-06T05:50:05+00:00\",\"breadcrumb\":{\"@id\":\"https:\/\/www.cliniquetag.com\/en\/between-the-chiropractor-and-his-patient-a-relationship-of-trust.html#breadcrumb\"},\"inLanguage\":\"en-US\",\"potentialAction\":[{\"@type\":\"ReadAction\",\"target\":[\"https:\/\/www.cliniquetag.com\/en\/between-the-chiropractor-and-his-patient-a-relationship-of-trust.html\"]}]},{\"@type\":\"BreadcrumbList\",\"@id\":\"https:\/\/www.cliniquetag.com\/en\/between-the-chiropractor-and-his-patient-a-relationship-of-trust.html#breadcrumb\",\"itemListElement\":[{\"@type\":\"ListItem\",\"position\":1,\"name\":\"Home\",\"item\":\"https:\/\/www.cliniquetag.com\/en\"},{\"@type\":\"ListItem\",\"position\":2,\"name\":\"Between the chiropractor and his patient: a relationship of trust\"}]},{\"@type\":\"WebSite\",\"@id\":\"https:\/\/www.cliniquetag.com\/en#website\",\"url\":\"https:\/\/www.cliniquetag.com\/en\",\"name\":\"Chiropraticien Terrebonne &amp; Montr\u00e9al | Clinique TAG\",\"description\":\"Clinique Chiropratique Montr\u00e9al &amp; Terrebonne\",\"potentialAction\":[{\"@type\":\"SearchAction\",\"target\":{\"@type\":\"EntryPoint\",\"urlTemplate\":\"https:\/\/www.cliniquetag.com\/en?s={search_term_string}\"},\"query-input\":{\"@type\":\"PropertyValueSpecification\",\"valueRequired\":true,\"valueName\":\"search_term_string\"}}],\"inLanguage\":\"en-US\"}]}<\/script>\n<!-- \/ Yoast SEO Premium plugin. -->","yoast_head_json":{"title":"Between the chiropractor and his patient: a relationship of trust | Chiropraticien Terrebonne &amp; Montr\u00e9al | Clinique TAG","robots":{"index":"index","follow":"follow","max-snippet":"max-snippet:-1","max-image-preview":"max-image-preview:large","max-video-preview":"max-video-preview:-1"},"canonical":"https:\/\/www.cliniquetag.com\/en\/between-the-chiropractor-and-his-patient-a-relationship-of-trust.html","og_locale":"en_US","og_type":"article","og_title":"Between the chiropractor and his patient: a relationship of trust","og_description":"&nbsp; Maux de dos, de cou, de t\u00eate, blessures sportives, douleurs chroniques? Consultez un chiropraticien! Dans cette vid\u00e9o, vous en apprendrez plus sur la profession de [\u2026]","og_url":"https:\/\/www.cliniquetag.com\/en\/between-the-chiropractor-and-his-patient-a-relationship-of-trust.html","og_site_name":"Chiropraticien Terrebonne &amp; Montr\u00e9al | Clinique TAG","article_modified_time":"2019-11-06T05:50:05+00:00","twitter_card":"summary_large_image","schema":{"@context":"https:\/\/schema.org","@graph":[{"@type":"WebPage","@id":"https:\/\/www.cliniquetag.com\/en\/between-the-chiropractor-and-his-patient-a-relationship-of-trust.html","url":"https:\/\/www.cliniquetag.com\/en\/between-the-chiropractor-and-his-patient-a-relationship-of-trust.html","name":"Between the chiropractor and his patient: a relationship of trust | Chiropraticien Terrebonne &amp; Montr\u00e9al | Clinique TAG","isPartOf":{"@id":"https:\/\/www.cliniquetag.com\/en#website"},"datePublished":"2019-06-01T03:02:32+00:00","dateModified":"2019-11-06T05:50:05+00:00","breadcrumb":{"@id":"https:\/\/www.cliniquetag.com\/en\/between-the-chiropractor-and-his-patient-a-relationship-of-trust.html#breadcrumb"},"inLanguage":"en-US","potentialAction":[{"@type":"ReadAction","target":["https:\/\/www.cliniquetag.com\/en\/between-the-chiropractor-and-his-patient-a-relationship-of-trust.html"]}]},{"@type":"BreadcrumbList","@id":"https:\/\/www.cliniquetag.com\/en\/between-the-chiropractor-and-his-patient-a-relationship-of-trust.html#breadcrumb","itemListElement":[{"@type":"ListItem","position":1,"name":"Home","item":"https:\/\/www.cliniquetag.com\/en"},{"@type":"ListItem","position":2,"name":"Between the chiropractor and his patient: a relationship of trust"}]},{"@type":"WebSite","@id":"https:\/\/www.cliniquetag.com\/en#website","url":"https:\/\/www.cliniquetag.com\/en","name":"Chiropraticien Terrebonne &amp; Montr\u00e9al | Clinique TAG","description":"Clinique Chiropratique Montr\u00e9al &amp; Terrebonne","potentialAction":[{"@type":"SearchAction","target":{"@type":"EntryPoint","urlTemplate":"https:\/\/www.cliniquetag.com\/en?s={search_term_string}"},"query-input":{"@type":"PropertyValueSpecification","valueRequired":true,"valueName":"search_term_string"}}],"inLanguage":"en-US"}]}},"_links":{"self":[{"href":"https:\/\/www.cliniquetag.com\/en\/wp-json\/wp\/v2\/pages\/3124","targetHints":{"allow":["GET"]}}],"collection":[{"href":"https:\/\/www.cliniquetag.com\/en\/wp-json\/wp\/v2\/pages"}],"about":[{"href":"https:\/\/www.cliniquetag.com\/en\/wp-json\/wp\/v2\/types\/page"}],"author":[{"embeddable":true,"href":"https:\/\/www.cliniquetag.com\/en\/wp-json\/wp\/v2\/users\/5"}],"replies":[{"embeddable":true,"href":"https:\/\/www.cliniquetag.com\/en\/wp-json\/wp\/v2\/comments?post=3124"}],"version-history":[{"count":0,"href":"https:\/\/www.cliniquetag.com\/en\/wp-json\/wp\/v2\/pages\/3124\/revisions"}],"wp:attachment":[{"href":"https:\/\/www.cliniquetag.com\/en\/wp-json\/wp\/v2\/media?parent=3124"}],"wp:term":[{"taxonomy":"category","embeddable":true,"href":"https:\/\/www.cliniquetag.com\/en\/wp-json\/wp\/v2\/categories?post=3124"},{"taxonomy":"post_tag","embeddable":true,"href":"https:\/\/www.cliniquetag.com\/en\/wp-json\/wp\/v2\/tags?post=3124"}],"curies":[{"name":"wp","href":"https:\/\/api.w.org\/{rel}","templated":true}]}}