{"id":3128,"date":"2019-06-01T00:29:08","date_gmt":"2019-06-01T04:29:08","guid":{"rendered":"https:\/\/cliniquetag.com\/profil\/chiropratique-reconnue-1973.html"},"modified":"2019-11-06T00:54:28","modified_gmt":"2019-11-06T05:54:28","slug":"chiropratique-reconnue-1973","status":"publish","type":"page","link":"https:\/\/www.cliniquetag.com\/en\/chiropractic-is-recognized-since-1973.html","title":{"rendered":"Chiropractic is recognized since 1973"},"content":{"rendered":"<p align=\"justify\">La\u00a0<strong>chiropratique<\/strong>\u00a0est r\u00e9glement\u00e9e au Qu\u00e9bec depuis\u00a01973 (par <b>L&#8217;Office des professions du Qu\u00e9bec <\/b>via <b>L&#8217;Ordre des chiropraticiens du Qu\u00e9bec<\/b>) et depuis 1925 en Ontario gr\u00e2ce \u00e0 la \u00ab\u00a0<a href=\"https:\/\/www.ontario.ca\/fr\/lois\/loi\/90d18\">Loi sur les praticiens ne prescrivant pas de m\u00e9dicaments\u00a0<\/a>\u00bb. Pour obtenir le droit d\u2019exercer, le chiropraticien doit d\u2019abord r\u00e9ussir le programme de doctorat (5 ans \u00e0 temps plein \u00e0 l\u2019universit\u00e9), puis subir des examens pratiques et th\u00e9oriques aupr\u00e8s des organismes d\u2019accr\u00e9ditation au f\u00e9d\u00e9ral et au provincial. Au Qu\u00e9bec, le <a href=\"http:\/\/www.cceb.ca\/home\/lang-pref\/fr\/\"><b>Conseil des examens chiropratiques canadiens<\/b>\u00a0<\/a>et <a href=\"http:\/\/www.ordredeschiropraticiens.ca\/fr\">l\u2019Ordre des chiropraticiens du Qu\u00e9bec<\/a>\u00a0exercent cette fonction.<\/p>\n<p align=\"justify\">Par ailleurs, la chiropratique est la seule profession au monde qui assure une formation \u00e9quivalente partout au monde, gr\u00e2ce \u00e0 son organisme de r\u00e8glementation la \u00ab\u00a0<a href=\"http:\/\/www.cceintl.org\/\"><b>Councils on Chiropractic Education International<\/b>\u00a0<\/a>\u00bb (CCEI)\u00a0qui veille \u00e0 uniformiser les\u00a0<strong>normes de formation<\/strong>, de pratique et de recherche \u00e0 l\u2019\u00e9chelle mondiale.<\/p>\n<p>&nbsp;<\/p>\n<div class=\"circular-image\" align=\"center\"><a href=\"http:\/\/www.opq.gouv.qc.ca\/accueil\/\"><img loading=\"lazy\" decoding=\"async\" class=\"scale-with-grid\" src=\"https:\/\/cliniquetag.com\/wp-content\/uploads\/2017\/02\/office-des-professions-du-quebec.jpg\" alt=\"Office des Professions du Qu\u00e9bec\" width=\"200\" height=\"200\" \/><\/a>\u00a0<a href=\"http:\/\/www.ordredeschiropraticiens.ca\/fr\"><img loading=\"lazy\" decoding=\"async\" class=\"scale-with-grid\" src=\"https:\/\/cliniquetag.com\/wp-content\/uploads\/2017\/02\/logo_ordre-des-chiropraticiens-du-quebec.jpg\" alt=\"Ordre des chiropraticiens du Qu\u00e9bec\" width=\"200\" height=\"200\" \/><\/a>\u00a0<a href=\"http:\/\/www.cce-usa.org\/\"><img loading=\"lazy\" decoding=\"async\" class=\"scale-with-grid\" src=\"https:\/\/cliniquetag.com\/wp-content\/uploads\/2017\/02\/council-on-chiropractic-education-us-canada-logo.jpg\" alt=\"Council on chiropractic education\" width=\"200\" height=\"200\" \/><\/a><\/div>\n<p>&nbsp;<\/p>\n","protected":false},"excerpt":{"rendered":"<p>La\u00a0chiropratique\u00a0est r\u00e9glement\u00e9e au Qu\u00e9bec depuis\u00a01973 (par L&#8217;Office des professions du Qu\u00e9bec via L&#8217;Ordre des chiropraticiens du Qu\u00e9bec) et depuis 1925 en Ontario gr\u00e2ce \u00e0 la \u00ab\u00a0Loi<span class=\"excerpt-hellip\"> [\u2026]<\/span><\/p>\n","protected":false},"author":5,"featured_media":0,"parent":3098,"menu_order":3,"comment_status":"closed","ping_status":"closed","template":"","meta":{"footnotes":""},"categories":[573,574,873],"tags":[],"class_list":["post-3128","page","type-page","status-publish","hentry","category-chiropraticien-en","category-chiropratique-en","category-loi-chiropratique-en"],"yoast_head":"<!-- This site is optimized with the Yoast SEO Premium plugin v27.0 (Yoast SEO v27.0) - https:\/\/yoast.com\/product\/yoast-seo-premium-wordpress\/ -->\n<title>Chiropractic is recognized since 1973 | Chiropraticien Terrebonne &amp; Montr\u00e9al | Clinique TAG<\/title>\n<meta name=\"robots\" content=\"index, follow, max-snippet:-1, max-image-preview:large, max-video-preview:-1\" \/>\n<link rel=\"canonical\" href=\"https:\/\/www.cliniquetag.com\/en\/chiropractic-is-recognized-since-1973.html\" \/>\n<meta property=\"og:locale\" content=\"en_US\" \/>\n<meta property=\"og:type\" content=\"article\" \/>\n<meta property=\"og:title\" content=\"Chiropractic is recognized since 1973\" \/>\n<meta property=\"og:description\" content=\"La\u00a0chiropratique\u00a0est r\u00e9glement\u00e9e au Qu\u00e9bec depuis\u00a01973 (par L&#8217;Office des professions du Qu\u00e9bec via L&#8217;Ordre des chiropraticiens du Qu\u00e9bec) et depuis 1925 en Ontario gr\u00e2ce \u00e0 la \u00ab\u00a0Loi [\u2026]\" \/>\n<meta property=\"og:url\" content=\"https:\/\/www.cliniquetag.com\/en\/chiropractic-is-recognized-since-1973.html\" \/>\n<meta property=\"og:site_name\" content=\"Chiropraticien Terrebonne &amp; Montr\u00e9al | Clinique TAG\" \/>\n<meta property=\"article:modified_time\" content=\"2019-11-06T05:54:28+00:00\" \/>\n<meta property=\"og:image\" content=\"https:\/\/cliniquetag.com\/wp-content\/uploads\/2017\/02\/office-des-professions-du-quebec.jpg\" \/>\n<meta name=\"twitter:card\" content=\"summary_large_image\" \/>\n<meta name=\"twitter:label1\" content=\"Est. reading time\" \/>\n\t<meta name=\"twitter:data1\" content=\"1 minute\" \/>\n<script type=\"application\/ld+json\" class=\"yoast-schema-graph\">{\"@context\":\"https:\/\/schema.org\",\"@graph\":[{\"@type\":\"WebPage\",\"@id\":\"https:\/\/www.cliniquetag.com\/en\/chiropractic-is-recognized-since-1973.html\",\"url\":\"https:\/\/www.cliniquetag.com\/en\/chiropractic-is-recognized-since-1973.html\",\"name\":\"Chiropractic is recognized since 1973 | Chiropraticien Terrebonne &amp; Montr\u00e9al | Clinique TAG\",\"isPartOf\":{\"@id\":\"https:\/\/www.cliniquetag.com\/en#website\"},\"primaryImageOfPage\":{\"@id\":\"https:\/\/www.cliniquetag.com\/en\/chiropractic-is-recognized-since-1973.html#primaryimage\"},\"image\":{\"@id\":\"https:\/\/www.cliniquetag.com\/en\/chiropractic-is-recognized-since-1973.html#primaryimage\"},\"thumbnailUrl\":\"https:\/\/cliniquetag.com\/wp-content\/uploads\/2017\/02\/office-des-professions-du-quebec.jpg\",\"datePublished\":\"2019-06-01T04:29:08+00:00\",\"dateModified\":\"2019-11-06T05:54:28+00:00\",\"breadcrumb\":{\"@id\":\"https:\/\/www.cliniquetag.com\/en\/chiropractic-is-recognized-since-1973.html#breadcrumb\"},\"inLanguage\":\"en-US\",\"potentialAction\":[{\"@type\":\"ReadAction\",\"target\":[\"https:\/\/www.cliniquetag.com\/en\/chiropractic-is-recognized-since-1973.html\"]}]},{\"@type\":\"ImageObject\",\"inLanguage\":\"en-US\",\"@id\":\"https:\/\/www.cliniquetag.com\/en\/chiropractic-is-recognized-since-1973.html#primaryimage\",\"url\":\"https:\/\/cliniquetag.com\/wp-content\/uploads\/2017\/02\/office-des-professions-du-quebec.jpg\",\"contentUrl\":\"https:\/\/cliniquetag.com\/wp-content\/uploads\/2017\/02\/office-des-professions-du-quebec.jpg\"},{\"@type\":\"BreadcrumbList\",\"@id\":\"https:\/\/www.cliniquetag.com\/en\/chiropractic-is-recognized-since-1973.html#breadcrumb\",\"itemListElement\":[{\"@type\":\"ListItem\",\"position\":1,\"name\":\"Home\",\"item\":\"https:\/\/www.cliniquetag.com\/en\"},{\"@type\":\"ListItem\",\"position\":2,\"name\":\"About us\",\"item\":\"https:\/\/www.cliniquetag.com\/en\/about-us.html\"},{\"@type\":\"ListItem\",\"position\":3,\"name\":\"Chiropractic is recognized since 1973\"}]},{\"@type\":\"WebSite\",\"@id\":\"https:\/\/www.cliniquetag.com\/en#website\",\"url\":\"https:\/\/www.cliniquetag.com\/en\",\"name\":\"Chiropraticien Terrebonne &amp; Montr\u00e9al | Clinique TAG\",\"description\":\"Clinique Chiropratique Montr\u00e9al &amp; Terrebonne\",\"potentialAction\":[{\"@type\":\"SearchAction\",\"target\":{\"@type\":\"EntryPoint\",\"urlTemplate\":\"https:\/\/www.cliniquetag.com\/en?s={search_term_string}\"},\"query-input\":{\"@type\":\"PropertyValueSpecification\",\"valueRequired\":true,\"valueName\":\"search_term_string\"}}],\"inLanguage\":\"en-US\"}]}<\/script>\n<!-- \/ Yoast SEO Premium plugin. -->","yoast_head_json":{"title":"Chiropractic is recognized since 1973 | Chiropraticien Terrebonne &amp; Montr\u00e9al | Clinique TAG","robots":{"index":"index","follow":"follow","max-snippet":"max-snippet:-1","max-image-preview":"max-image-preview:large","max-video-preview":"max-video-preview:-1"},"canonical":"https:\/\/www.cliniquetag.com\/en\/chiropractic-is-recognized-since-1973.html","og_locale":"en_US","og_type":"article","og_title":"Chiropractic is recognized since 1973","og_description":"La\u00a0chiropratique\u00a0est r\u00e9glement\u00e9e au Qu\u00e9bec depuis\u00a01973 (par L&#8217;Office des professions du Qu\u00e9bec via L&#8217;Ordre des chiropraticiens du Qu\u00e9bec) et depuis 1925 en Ontario gr\u00e2ce \u00e0 la \u00ab\u00a0Loi [\u2026]","og_url":"https:\/\/www.cliniquetag.com\/en\/chiropractic-is-recognized-since-1973.html","og_site_name":"Chiropraticien Terrebonne &amp; Montr\u00e9al | Clinique TAG","article_modified_time":"2019-11-06T05:54:28+00:00","og_image":[{"url":"https:\/\/cliniquetag.com\/wp-content\/uploads\/2017\/02\/office-des-professions-du-quebec.jpg","type":"","width":"","height":""}],"twitter_card":"summary_large_image","twitter_misc":{"Est. reading time":"1 minute"},"schema":{"@context":"https:\/\/schema.org","@graph":[{"@type":"WebPage","@id":"https:\/\/www.cliniquetag.com\/en\/chiropractic-is-recognized-since-1973.html","url":"https:\/\/www.cliniquetag.com\/en\/chiropractic-is-recognized-since-1973.html","name":"Chiropractic is recognized since 1973 | Chiropraticien Terrebonne &amp; Montr\u00e9al | Clinique TAG","isPartOf":{"@id":"https:\/\/www.cliniquetag.com\/en#website"},"primaryImageOfPage":{"@id":"https:\/\/www.cliniquetag.com\/en\/chiropractic-is-recognized-since-1973.html#primaryimage"},"image":{"@id":"https:\/\/www.cliniquetag.com\/en\/chiropractic-is-recognized-since-1973.html#primaryimage"},"thumbnailUrl":"https:\/\/cliniquetag.com\/wp-content\/uploads\/2017\/02\/office-des-professions-du-quebec.jpg","datePublished":"2019-06-01T04:29:08+00:00","dateModified":"2019-11-06T05:54:28+00:00","breadcrumb":{"@id":"https:\/\/www.cliniquetag.com\/en\/chiropractic-is-recognized-since-1973.html#breadcrumb"},"inLanguage":"en-US","potentialAction":[{"@type":"ReadAction","target":["https:\/\/www.cliniquetag.com\/en\/chiropractic-is-recognized-since-1973.html"]}]},{"@type":"ImageObject","inLanguage":"en-US","@id":"https:\/\/www.cliniquetag.com\/en\/chiropractic-is-recognized-since-1973.html#primaryimage","url":"https:\/\/cliniquetag.com\/wp-content\/uploads\/2017\/02\/office-des-professions-du-quebec.jpg","contentUrl":"https:\/\/cliniquetag.com\/wp-content\/uploads\/2017\/02\/office-des-professions-du-quebec.jpg"},{"@type":"BreadcrumbList","@id":"https:\/\/www.cliniquetag.com\/en\/chiropractic-is-recognized-since-1973.html#breadcrumb","itemListElement":[{"@type":"ListItem","position":1,"name":"Home","item":"https:\/\/www.cliniquetag.com\/en"},{"@type":"ListItem","position":2,"name":"About us","item":"https:\/\/www.cliniquetag.com\/en\/about-us.html"},{"@type":"ListItem","position":3,"name":"Chiropractic is recognized since 1973"}]},{"@type":"WebSite","@id":"https:\/\/www.cliniquetag.com\/en#website","url":"https:\/\/www.cliniquetag.com\/en","name":"Chiropraticien Terrebonne &amp; Montr\u00e9al | Clinique TAG","description":"Clinique Chiropratique Montr\u00e9al &amp; Terrebonne","potentialAction":[{"@type":"SearchAction","target":{"@type":"EntryPoint","urlTemplate":"https:\/\/www.cliniquetag.com\/en?s={search_term_string}"},"query-input":{"@type":"PropertyValueSpecification","valueRequired":true,"valueName":"search_term_string"}}],"inLanguage":"en-US"}]}},"_links":{"self":[{"href":"https:\/\/www.cliniquetag.com\/en\/wp-json\/wp\/v2\/pages\/3128","targetHints":{"allow":["GET"]}}],"collection":[{"href":"https:\/\/www.cliniquetag.com\/en\/wp-json\/wp\/v2\/pages"}],"about":[{"href":"https:\/\/www.cliniquetag.com\/en\/wp-json\/wp\/v2\/types\/page"}],"author":[{"embeddable":true,"href":"https:\/\/www.cliniquetag.com\/en\/wp-json\/wp\/v2\/users\/5"}],"replies":[{"embeddable":true,"href":"https:\/\/www.cliniquetag.com\/en\/wp-json\/wp\/v2\/comments?post=3128"}],"version-history":[{"count":0,"href":"https:\/\/www.cliniquetag.com\/en\/wp-json\/wp\/v2\/pages\/3128\/revisions"}],"up":[{"embeddable":true,"href":"https:\/\/www.cliniquetag.com\/en\/wp-json\/wp\/v2\/pages\/3098"}],"wp:attachment":[{"href":"https:\/\/www.cliniquetag.com\/en\/wp-json\/wp\/v2\/media?parent=3128"}],"wp:term":[{"taxonomy":"category","embeddable":true,"href":"https:\/\/www.cliniquetag.com\/en\/wp-json\/wp\/v2\/categories?post=3128"},{"taxonomy":"post_tag","embeddable":true,"href":"https:\/\/www.cliniquetag.com\/en\/wp-json\/wp\/v2\/tags?post=3128"}],"curies":[{"name":"wp","href":"https:\/\/api.w.org\/{rel}","templated":true}]}}