{"id":3130,"date":"2019-06-01T00:00:18","date_gmt":"2019-06-01T04:00:18","guid":{"rendered":"https:\/\/cliniquetag.com\/profil\/formation-universitaire-chiropraticien.html"},"modified":"2019-11-07T23:38:33","modified_gmt":"2019-11-08T04:38:33","slug":"formation-universitaire-chiropraticien","status":"publish","type":"page","link":"https:\/\/www.cliniquetag.com\/en\/the-academic-training-of-the-chiropractor.html","title":{"rendered":"The academic training of the chiropractor"},"content":{"rendered":"<p>According to the Chiropractic Act and the Ordre des chiropraticien du Qu\u00e9bec, to practice chiropractic in Quebec, all chiropractors must have previously obtained their Diploma of Collegial Studies (DEC) in Science and have successfully completed their Undergraduate doctoral studies at an educational institution accredited by the <em>Canadian Federation<\/em>\u00a0of\u00a0<em>Chiropractic Regulatory<\/em>\u00a0and Educational Accrediting Boards (CFCREAB), such as the Universit\u00e9 du Qu\u00e9bec \u00e0 Trois-Rivi\u00e8res (UQTR).<\/p>\n<p>The requirements of this university education are of a duration of 5 years full-time and include 4969 hours of courses (245 credits) and leading to an undergraduate doctorate degree, such as MD, veterinarian, optometrist, dentist, pharmacist and podiatrist.<\/p>\n<p align=\"justify\">\u00a0<\/p>\n<h3>Current status of accreditation<\/h3>\n<p>Chiropractic is the only profession in the world to have an international organization, the Councils on Chiropractic Education International (CCEI) that accredits university programs in chiropractic to ensure the quality of education and skills of graduates. A chiropractor can practice his profession in all countries of the world without problem!<\/p>\n<p>&nbsp;<\/p>\n<h4>The following doctoral programs in chiropractic are accredited by the &#8220;Council on Chiropractic Education Canada&#8221;.<\/h4>\n<ul>\n<li><a href=\"http:\/\/www.cmcc.ca\/\">Canadian Memorial Chiropractic College<\/a><\/li>\n<li><a href=\"http:\/\/www.uqtr.ca\/\">Universit\u00e9 du Qu\u00e9bec \u00e0 Trois-Rivi\u00e8res<\/a><\/li>\n<\/ul>\n<p>&nbsp;<\/p>\n<h4>The following doctoral programs in chiropractic are accredited by the &#8220;Council on Chiropractic Education&#8221; in the USA.<\/h4>\n<ul>\n<li><a href=\"https:\/\/www.cleveland.edu\/\">Cleveland University &#8211; Kansas City<\/a><\/li>\n<li><a href=\"http:\/\/www.dyc.edu\/\">D&#8217;youville College<\/a><\/li>\n<li><a href=\"https:\/\/www.keiseruniversity.edu\/\">Keiser University<\/a><\/li>\n<li><a href=\"https:\/\/www.life.edu\/\">Life University<\/a><\/li>\n<li><a href=\"https:\/\/www.lifewest.edu\/\">Life Chiropractic College West<\/a><\/li>\n<li><a href=\"https:\/\/www.logan.edu\/\">Logan University<\/a><\/li>\n<li><a href=\"https:\/\/www.scuhs.edu\/\">Southern California University Of Health Sciences<\/a><\/li>\n<li><a href=\"https:\/\/www.nuhs.edu\/\">\u200bNational University Of Health Sciences<\/a><\/li>\n<li>\u200b<a href=\"https:\/\/www.nycc.edu\/\">New York Chiropractic College<\/a><\/li>\n<li><a href=\"https:\/\/www.nwhealth.edu\/\">Northwestern Health Sciences University<\/a><\/li>\n<li><a href=\"https:\/\/www.palmer.edu\/\">Palmer College Of Chiropractic<\/a><\/li>\n<li><a href=\"https:\/\/www.parker.edu\/\">Parker University<\/a><\/li>\n<li><a href=\"https:\/\/www.sherman.edu\">Sherman College Of Chiropractic<\/a><\/li>\n<li><a href=\"http:\/\/www.txchiro.edu\/\">Texas Chiropractic College<\/a><\/li>\n<li><a href=\"https:\/\/www.bridgeport.edu\/\">University Of Bridgeport<\/a><\/li>\n<li><a href=\"https:\/\/www.uws.edu\/\">University Of Western States<\/a><\/li>\n<\/ul>\n<p>&nbsp;<\/p>\n<h4>The following doctoral programs in chiropractic are accredited by the &#8220;Council on Chiropractic Education Australasia&#8221; (CCEA)<\/h4>\n<ul>\n<li><a href=\"https:\/\/www.mq.edu.au\/\">Macquarie University<\/a>, New South Wales<\/li>\n<li><a href=\"https:\/\/www.murdoch.edu.au\/\">Murdoch University<\/a>, Australia<\/li>\n<li><a href=\"https:\/\/www.rmit.edu.au\/\">RMIT University<\/a>, Australia<\/li>\n<li><a href=\"https:\/\/www.cqu.edu.au\/\">Central Queensland University<\/a>, Autralia<\/li>\n<li><a href=\"http:\/\/chiropractic.ac.nz\/\">New Zealand College of Chiropractic<\/a>, New Zeland<\/li>\n<li><a href=\"https:\/\/www.hanseo.ac.kr\/main.do?s=eng\">Hanseo University<\/a>, Korea<\/li>\n<li><a href=\"https:\/\/www.chiro.jp\/english.html\">Tokyo College of Chiropractic<\/a>, Japan<\/li>\n<li><a href=\"http:\/\/www.imu.edu.my\/imu\/programmes\/undergraduate\/chiropractic\/\">International Medical University<\/a>, Malaysia<\/li>\n<\/ul>\n<p>&nbsp;<\/p>\n<h4>The following doctoral programs in chiropractic are accredited by the &#8220;European Council on Chiropractic Education&#8221; (ECCE)<\/h4>\n<ul>\n<li><a href=\"http:\/\/www.aecc.ac.uk\/\">AECC University College<\/a>, England<\/li>\n<li><a href=\"http:\/\/www.bcchiropractic.es\/\">Barcelona College of Chiropractic<\/a><\/li>\n<li><a href=\"http:\/\/www.dut.ac.za\/\">Durban University of Technology<\/a>, South Africa<\/li>\n<li><a href=\"http:\/\/www.ifec.net\/\">Institut Franco-Europ\u00e9en de Chiropraxie<\/a>, France<\/li>\n<li><a href=\"http:\/\/www.mctimoney-college.ac.uk\/\">McTimoney College of Chiropractic<\/a>, England<\/li>\n<li><a href=\"http:\/\/www.rcumariacristina.com\/\">RCU Escorial Maria-Cristina<\/a>, Spain<\/li>\n<li><a href=\"https:\/\/www.sdu.dk\/en\/Uddannelse\/Bachelor\/Klinisk_biomekanik.aspx\">Syddansk Universitet Odense<\/a>, Denmark<\/li>\n<li><a href=\"http:\/\/www.uj.ac.za\/\">University of Johannesburg<\/a>, South Africa<\/li>\n<li><a href=\"http:\/\/www.southwales.ac.uk\/\">University of South Wales<\/a>, Wales<\/li>\n<li><a href=\"http:\/\/www.med.uzh.ch\/\">University of Zurich<\/a>, Switzerland<\/li>\n<\/ul>\n<p>&nbsp;<\/p>\n","protected":false},"excerpt":{"rendered":"<p>According to the Chiropractic Act and the Ordre des chiropraticien du Qu\u00e9bec, to practice chiropractic in Quebec, all chiropractors must have previously obtained their Diploma of<span class=\"excerpt-hellip\"> [\u2026]<\/span><\/p>\n","protected":false},"author":5,"featured_media":0,"parent":3098,"menu_order":2,"comment_status":"closed","ping_status":"closed","template":"","meta":{"footnotes":""},"categories":[573,574,873],"tags":[],"class_list":["post-3130","page","type-page","status-publish","hentry","category-chiropraticien-en","category-chiropratique-en","category-loi-chiropratique-en"],"yoast_head":"<!-- This site is optimized with the Yoast SEO Premium plugin v27.0 (Yoast SEO v27.0) - https:\/\/yoast.com\/product\/yoast-seo-premium-wordpress\/ -->\n<title>The academic training of the chiropractor | Chiropraticien Terrebonne &amp; Montr\u00e9al | Clinique TAG<\/title>\n<meta name=\"robots\" content=\"index, follow, max-snippet:-1, max-image-preview:large, max-video-preview:-1\" \/>\n<link rel=\"canonical\" href=\"https:\/\/www.cliniquetag.com\/en\/the-academic-training-of-the-chiropractor.html\" \/>\n<meta property=\"og:locale\" content=\"en_US\" \/>\n<meta property=\"og:type\" content=\"article\" \/>\n<meta property=\"og:title\" content=\"The academic training of the chiropractor\" \/>\n<meta property=\"og:description\" content=\"According to the Chiropractic Act and the Ordre des chiropraticien du Qu\u00e9bec, to practice chiropractic in Quebec, all chiropractors must have previously obtained their Diploma of [\u2026]\" \/>\n<meta property=\"og:url\" content=\"https:\/\/www.cliniquetag.com\/en\/the-academic-training-of-the-chiropractor.html\" \/>\n<meta property=\"og:site_name\" content=\"Chiropraticien Terrebonne &amp; Montr\u00e9al | Clinique TAG\" \/>\n<meta property=\"article:modified_time\" content=\"2019-11-08T04:38:33+00:00\" \/>\n<meta name=\"twitter:card\" content=\"summary_large_image\" \/>\n<meta name=\"twitter:label1\" content=\"Est. reading time\" \/>\n\t<meta name=\"twitter:data1\" content=\"2 minutes\" \/>\n<script type=\"application\/ld+json\" class=\"yoast-schema-graph\">{\"@context\":\"https:\/\/schema.org\",\"@graph\":[{\"@type\":\"WebPage\",\"@id\":\"https:\/\/www.cliniquetag.com\/en\/the-academic-training-of-the-chiropractor.html\",\"url\":\"https:\/\/www.cliniquetag.com\/en\/the-academic-training-of-the-chiropractor.html\",\"name\":\"The academic training of the chiropractor | Chiropraticien Terrebonne &amp; Montr\u00e9al | Clinique TAG\",\"isPartOf\":{\"@id\":\"https:\/\/www.cliniquetag.com\/en#website\"},\"datePublished\":\"2019-06-01T04:00:18+00:00\",\"dateModified\":\"2019-11-08T04:38:33+00:00\",\"breadcrumb\":{\"@id\":\"https:\/\/www.cliniquetag.com\/en\/the-academic-training-of-the-chiropractor.html#breadcrumb\"},\"inLanguage\":\"en-US\",\"potentialAction\":[{\"@type\":\"ReadAction\",\"target\":[\"https:\/\/www.cliniquetag.com\/en\/the-academic-training-of-the-chiropractor.html\"]}]},{\"@type\":\"BreadcrumbList\",\"@id\":\"https:\/\/www.cliniquetag.com\/en\/the-academic-training-of-the-chiropractor.html#breadcrumb\",\"itemListElement\":[{\"@type\":\"ListItem\",\"position\":1,\"name\":\"Home\",\"item\":\"https:\/\/www.cliniquetag.com\/en\"},{\"@type\":\"ListItem\",\"position\":2,\"name\":\"About us\",\"item\":\"https:\/\/www.cliniquetag.com\/en\/about-us.html\"},{\"@type\":\"ListItem\",\"position\":3,\"name\":\"The academic training of the chiropractor\"}]},{\"@type\":\"WebSite\",\"@id\":\"https:\/\/www.cliniquetag.com\/en#website\",\"url\":\"https:\/\/www.cliniquetag.com\/en\",\"name\":\"Chiropraticien Terrebonne &amp; Montr\u00e9al | Clinique TAG\",\"description\":\"Clinique Chiropratique Montr\u00e9al &amp; Terrebonne\",\"potentialAction\":[{\"@type\":\"SearchAction\",\"target\":{\"@type\":\"EntryPoint\",\"urlTemplate\":\"https:\/\/www.cliniquetag.com\/en?s={search_term_string}\"},\"query-input\":{\"@type\":\"PropertyValueSpecification\",\"valueRequired\":true,\"valueName\":\"search_term_string\"}}],\"inLanguage\":\"en-US\"}]}<\/script>\n<!-- \/ Yoast SEO Premium plugin. -->","yoast_head_json":{"title":"The academic training of the chiropractor | Chiropraticien Terrebonne &amp; Montr\u00e9al | Clinique TAG","robots":{"index":"index","follow":"follow","max-snippet":"max-snippet:-1","max-image-preview":"max-image-preview:large","max-video-preview":"max-video-preview:-1"},"canonical":"https:\/\/www.cliniquetag.com\/en\/the-academic-training-of-the-chiropractor.html","og_locale":"en_US","og_type":"article","og_title":"The academic training of the chiropractor","og_description":"According to the Chiropractic Act and the Ordre des chiropraticien du Qu\u00e9bec, to practice chiropractic in Quebec, all chiropractors must have previously obtained their Diploma of [\u2026]","og_url":"https:\/\/www.cliniquetag.com\/en\/the-academic-training-of-the-chiropractor.html","og_site_name":"Chiropraticien Terrebonne &amp; Montr\u00e9al | Clinique TAG","article_modified_time":"2019-11-08T04:38:33+00:00","twitter_card":"summary_large_image","twitter_misc":{"Est. reading time":"2 minutes"},"schema":{"@context":"https:\/\/schema.org","@graph":[{"@type":"WebPage","@id":"https:\/\/www.cliniquetag.com\/en\/the-academic-training-of-the-chiropractor.html","url":"https:\/\/www.cliniquetag.com\/en\/the-academic-training-of-the-chiropractor.html","name":"The academic training of the chiropractor | Chiropraticien Terrebonne &amp; Montr\u00e9al | Clinique TAG","isPartOf":{"@id":"https:\/\/www.cliniquetag.com\/en#website"},"datePublished":"2019-06-01T04:00:18+00:00","dateModified":"2019-11-08T04:38:33+00:00","breadcrumb":{"@id":"https:\/\/www.cliniquetag.com\/en\/the-academic-training-of-the-chiropractor.html#breadcrumb"},"inLanguage":"en-US","potentialAction":[{"@type":"ReadAction","target":["https:\/\/www.cliniquetag.com\/en\/the-academic-training-of-the-chiropractor.html"]}]},{"@type":"BreadcrumbList","@id":"https:\/\/www.cliniquetag.com\/en\/the-academic-training-of-the-chiropractor.html#breadcrumb","itemListElement":[{"@type":"ListItem","position":1,"name":"Home","item":"https:\/\/www.cliniquetag.com\/en"},{"@type":"ListItem","position":2,"name":"About us","item":"https:\/\/www.cliniquetag.com\/en\/about-us.html"},{"@type":"ListItem","position":3,"name":"The academic training of the chiropractor"}]},{"@type":"WebSite","@id":"https:\/\/www.cliniquetag.com\/en#website","url":"https:\/\/www.cliniquetag.com\/en","name":"Chiropraticien Terrebonne &amp; Montr\u00e9al | Clinique TAG","description":"Clinique Chiropratique Montr\u00e9al &amp; Terrebonne","potentialAction":[{"@type":"SearchAction","target":{"@type":"EntryPoint","urlTemplate":"https:\/\/www.cliniquetag.com\/en?s={search_term_string}"},"query-input":{"@type":"PropertyValueSpecification","valueRequired":true,"valueName":"search_term_string"}}],"inLanguage":"en-US"}]}},"_links":{"self":[{"href":"https:\/\/www.cliniquetag.com\/en\/wp-json\/wp\/v2\/pages\/3130","targetHints":{"allow":["GET"]}}],"collection":[{"href":"https:\/\/www.cliniquetag.com\/en\/wp-json\/wp\/v2\/pages"}],"about":[{"href":"https:\/\/www.cliniquetag.com\/en\/wp-json\/wp\/v2\/types\/page"}],"author":[{"embeddable":true,"href":"https:\/\/www.cliniquetag.com\/en\/wp-json\/wp\/v2\/users\/5"}],"replies":[{"embeddable":true,"href":"https:\/\/www.cliniquetag.com\/en\/wp-json\/wp\/v2\/comments?post=3130"}],"version-history":[{"count":0,"href":"https:\/\/www.cliniquetag.com\/en\/wp-json\/wp\/v2\/pages\/3130\/revisions"}],"up":[{"embeddable":true,"href":"https:\/\/www.cliniquetag.com\/en\/wp-json\/wp\/v2\/pages\/3098"}],"wp:attachment":[{"href":"https:\/\/www.cliniquetag.com\/en\/wp-json\/wp\/v2\/media?parent=3130"}],"wp:term":[{"taxonomy":"category","embeddable":true,"href":"https:\/\/www.cliniquetag.com\/en\/wp-json\/wp\/v2\/categories?post=3130"},{"taxonomy":"post_tag","embeddable":true,"href":"https:\/\/www.cliniquetag.com\/en\/wp-json\/wp\/v2\/tags?post=3130"}],"curies":[{"name":"wp","href":"https:\/\/api.w.org\/{rel}","templated":true}]}}