{"id":3146,"date":"2019-11-06T01:20:17","date_gmt":"2019-11-06T06:20:17","guid":{"rendered":"https:\/\/cliniquetag.com\/conditions.html"},"modified":"2019-11-06T01:20:55","modified_gmt":"2019-11-06T06:20:55","slug":"conditions","status":"publish","type":"page","link":"https:\/\/www.cliniquetag.com\/en\/conditions","title":{"rendered":"Conditions"},"content":{"rendered":"<h2>Conditions trait\u00e9es par votre chiropraticien \u00e0 Laval, Terrebonne et Montr\u00e9al<\/h2>\n<p align=\"justify\">\u00c0 la clinique TAG, nous vous offrons des traitements chiropratiques en synergie avec une gamme compl\u00e8te de th\u00e9rapies compl\u00e9mentaires de haute technologie permettant ainsi, aux patients comme vous, de profiter de plusieurs options possibles pour le traitement de vos conditions autant aigu\u00ebs que chroniques. Notre chiropraticien poss\u00e8dent plus de 29 ans d&#8217;exp\u00e9rience dans le domaine neuro-musculo-squelettique et sera en mesure d&#8217;\u00e9tablir la cause de votre douleur ainsi que de d\u00e9terminer un programme de soins adapt\u00e9s \u00e0 vos besoins et vos pr\u00e9f\u00e9rences, sans jamais faire de compromis quant \u00e0 la qualit\u00e9 de vos soins, tant en chiropratique que pour tout autre modalit\u00e9s offertes sur place.<\/p>\n<p align=\"justify\">La chiropratique telle qu&#8217;exerc\u00e9e chez clinique TAG est le r\u00e9sultat de plusieurs ann\u00e9es de travail acharn\u00e9, dans le but de combiner les divers th\u00e9rapies disponibles sur le march\u00e9 de la sant\u00e9, afin d&#8217;obtenir les meilleurs r\u00e9sultats possibles pour nos patients.<\/p>\n<p align=\"justify\">\u00a0<\/p>\n","protected":false},"excerpt":{"rendered":"<p>Conditions trait\u00e9es par votre chiropraticien \u00e0 Laval, Terrebonne et Montr\u00e9al \u00c0 la clinique TAG, nous vous offrons des traitements chiropratiques en synergie avec une gamme compl\u00e8te<span class=\"excerpt-hellip\"> [\u2026]<\/span><\/p>\n","protected":false},"author":3,"featured_media":0,"parent":0,"menu_order":4,"comment_status":"closed","ping_status":"closed","template":"","meta":{"footnotes":""},"categories":[573,574,575,576,577],"tags":[874],"class_list":["post-3146","page","type-page","status-publish","hentry","category-chiropraticien-en","category-chiropratique-en","category-conditions-traitees-en-chiropratique-en","category-service-chiropratique-en","category-traitement-chiropratique-en","tag-temoignage-en"],"yoast_head":"<!-- This site is optimized with the Yoast SEO Premium plugin v27.0 (Yoast SEO v27.0) - https:\/\/yoast.com\/product\/yoast-seo-premium-wordpress\/ -->\n<title>Conditions | Chiropraticien Terrebonne &amp; Montr\u00e9al | Clinique TAG<\/title>\n<meta name=\"robots\" content=\"index, follow, max-snippet:-1, max-image-preview:large, max-video-preview:-1\" \/>\n<link rel=\"canonical\" href=\"https:\/\/www.cliniquetag.com\/en\/conditions\" \/>\n<meta property=\"og:locale\" content=\"en_US\" \/>\n<meta property=\"og:type\" content=\"article\" \/>\n<meta property=\"og:title\" content=\"Conditions\" \/>\n<meta property=\"og:description\" content=\"Conditions trait\u00e9es par votre chiropraticien \u00e0 Laval, Terrebonne et Montr\u00e9al \u00c0 la clinique TAG, nous vous offrons des traitements chiropratiques en synergie avec une gamme compl\u00e8te [\u2026]\" \/>\n<meta property=\"og:url\" content=\"https:\/\/www.cliniquetag.com\/en\/conditions\" \/>\n<meta property=\"og:site_name\" content=\"Chiropraticien Terrebonne &amp; Montr\u00e9al | Clinique TAG\" \/>\n<meta property=\"article:modified_time\" content=\"2019-11-06T06:20:55+00:00\" \/>\n<meta name=\"twitter:card\" content=\"summary_large_image\" \/>\n<meta name=\"twitter:label1\" content=\"Est. reading time\" \/>\n\t<meta name=\"twitter:data1\" content=\"1 minute\" \/>\n<script type=\"application\/ld+json\" class=\"yoast-schema-graph\">{\"@context\":\"https:\/\/schema.org\",\"@graph\":[{\"@type\":\"WebPage\",\"@id\":\"https:\/\/www.cliniquetag.com\/en\/conditions\",\"url\":\"https:\/\/www.cliniquetag.com\/en\/conditions\",\"name\":\"Conditions | Chiropraticien Terrebonne &amp; Montr\u00e9al | Clinique TAG\",\"isPartOf\":{\"@id\":\"https:\/\/www.cliniquetag.com\/en#website\"},\"datePublished\":\"2019-11-06T06:20:17+00:00\",\"dateModified\":\"2019-11-06T06:20:55+00:00\",\"breadcrumb\":{\"@id\":\"https:\/\/www.cliniquetag.com\/en\/conditions#breadcrumb\"},\"inLanguage\":\"en-US\",\"potentialAction\":[{\"@type\":\"ReadAction\",\"target\":[\"https:\/\/www.cliniquetag.com\/en\/conditions\"]}]},{\"@type\":\"BreadcrumbList\",\"@id\":\"https:\/\/www.cliniquetag.com\/en\/conditions#breadcrumb\",\"itemListElement\":[{\"@type\":\"ListItem\",\"position\":1,\"name\":\"Home\",\"item\":\"https:\/\/www.cliniquetag.com\/en\"},{\"@type\":\"ListItem\",\"position\":2,\"name\":\"Conditions\"}]},{\"@type\":\"WebSite\",\"@id\":\"https:\/\/www.cliniquetag.com\/en#website\",\"url\":\"https:\/\/www.cliniquetag.com\/en\",\"name\":\"Chiropraticien Terrebonne &amp; Montr\u00e9al | Clinique TAG\",\"description\":\"Clinique Chiropratique Montr\u00e9al &amp; Terrebonne\",\"potentialAction\":[{\"@type\":\"SearchAction\",\"target\":{\"@type\":\"EntryPoint\",\"urlTemplate\":\"https:\/\/www.cliniquetag.com\/en?s={search_term_string}\"},\"query-input\":{\"@type\":\"PropertyValueSpecification\",\"valueRequired\":true,\"valueName\":\"search_term_string\"}}],\"inLanguage\":\"en-US\"}]}<\/script>\n<!-- \/ Yoast SEO Premium plugin. -->","yoast_head_json":{"title":"Conditions | Chiropraticien Terrebonne &amp; Montr\u00e9al | Clinique TAG","robots":{"index":"index","follow":"follow","max-snippet":"max-snippet:-1","max-image-preview":"max-image-preview:large","max-video-preview":"max-video-preview:-1"},"canonical":"https:\/\/www.cliniquetag.com\/en\/conditions","og_locale":"en_US","og_type":"article","og_title":"Conditions","og_description":"Conditions trait\u00e9es par votre chiropraticien \u00e0 Laval, Terrebonne et Montr\u00e9al \u00c0 la clinique TAG, nous vous offrons des traitements chiropratiques en synergie avec une gamme compl\u00e8te [\u2026]","og_url":"https:\/\/www.cliniquetag.com\/en\/conditions","og_site_name":"Chiropraticien Terrebonne &amp; Montr\u00e9al | Clinique TAG","article_modified_time":"2019-11-06T06:20:55+00:00","twitter_card":"summary_large_image","twitter_misc":{"Est. reading time":"1 minute"},"schema":{"@context":"https:\/\/schema.org","@graph":[{"@type":"WebPage","@id":"https:\/\/www.cliniquetag.com\/en\/conditions","url":"https:\/\/www.cliniquetag.com\/en\/conditions","name":"Conditions | Chiropraticien Terrebonne &amp; Montr\u00e9al | Clinique TAG","isPartOf":{"@id":"https:\/\/www.cliniquetag.com\/en#website"},"datePublished":"2019-11-06T06:20:17+00:00","dateModified":"2019-11-06T06:20:55+00:00","breadcrumb":{"@id":"https:\/\/www.cliniquetag.com\/en\/conditions#breadcrumb"},"inLanguage":"en-US","potentialAction":[{"@type":"ReadAction","target":["https:\/\/www.cliniquetag.com\/en\/conditions"]}]},{"@type":"BreadcrumbList","@id":"https:\/\/www.cliniquetag.com\/en\/conditions#breadcrumb","itemListElement":[{"@type":"ListItem","position":1,"name":"Home","item":"https:\/\/www.cliniquetag.com\/en"},{"@type":"ListItem","position":2,"name":"Conditions"}]},{"@type":"WebSite","@id":"https:\/\/www.cliniquetag.com\/en#website","url":"https:\/\/www.cliniquetag.com\/en","name":"Chiropraticien Terrebonne &amp; Montr\u00e9al | Clinique TAG","description":"Clinique Chiropratique Montr\u00e9al &amp; Terrebonne","potentialAction":[{"@type":"SearchAction","target":{"@type":"EntryPoint","urlTemplate":"https:\/\/www.cliniquetag.com\/en?s={search_term_string}"},"query-input":{"@type":"PropertyValueSpecification","valueRequired":true,"valueName":"search_term_string"}}],"inLanguage":"en-US"}]}},"_links":{"self":[{"href":"https:\/\/www.cliniquetag.com\/en\/wp-json\/wp\/v2\/pages\/3146","targetHints":{"allow":["GET"]}}],"collection":[{"href":"https:\/\/www.cliniquetag.com\/en\/wp-json\/wp\/v2\/pages"}],"about":[{"href":"https:\/\/www.cliniquetag.com\/en\/wp-json\/wp\/v2\/types\/page"}],"author":[{"embeddable":true,"href":"https:\/\/www.cliniquetag.com\/en\/wp-json\/wp\/v2\/users\/3"}],"replies":[{"embeddable":true,"href":"https:\/\/www.cliniquetag.com\/en\/wp-json\/wp\/v2\/comments?post=3146"}],"version-history":[{"count":0,"href":"https:\/\/www.cliniquetag.com\/en\/wp-json\/wp\/v2\/pages\/3146\/revisions"}],"wp:attachment":[{"href":"https:\/\/www.cliniquetag.com\/en\/wp-json\/wp\/v2\/media?parent=3146"}],"wp:term":[{"taxonomy":"category","embeddable":true,"href":"https:\/\/www.cliniquetag.com\/en\/wp-json\/wp\/v2\/categories?post=3146"},{"taxonomy":"post_tag","embeddable":true,"href":"https:\/\/www.cliniquetag.com\/en\/wp-json\/wp\/v2\/tags?post=3146"}],"curies":[{"name":"wp","href":"https:\/\/api.w.org\/{rel}","templated":true}]}}